{"id":17374,"date":"2024-05-25T20:08:40","date_gmt":"2024-05-25T23:08:40","guid":{"rendered":"https:\/\/www.netqual.com.ar\/netqual\/?page_id=17374"},"modified":"2024-05-25T20:42:01","modified_gmt":"2024-05-25T23:42:01","slug":"17374-2","status":"publish","type":"page","link":"https:\/\/www.netqual.com.ar\/netqual\/17374-2\/","title":{"rendered":"E-Books Gratuitos"},"content":{"rendered":"<div id=\"dslc-theme-content\"><div id=\"dslc-theme-content-inner\"><p>Esta es una p\u00e1gina de pruebas de e-books<\/p>\n<div class=\"wpforms-container wpforms-container-full wpforms-render-modern\" id=\"wpforms-17360\"><form id=\"wpforms-form-17360\" class=\"wpforms-validate wpforms-form wpforms-ajax-form\" data-formid=\"17360\" method=\"post\" enctype=\"multipart\/form-data\" action=\"\/netqual\/wp-json\/wp\/v2\/pages\/17374\" data-token=\"c2fe2990bf1817460f3e3706b2cf89e4\" data-token-time=\"1777527279\"><noscript class=\"wpforms-error-noscript\">Por favor, activa JavaScript en tu navegador para completar este formulario.<\/noscript><div class=\"wpforms-hidden\" id=\"wpforms-error-noscript\">Por favor, activa JavaScript en tu navegador para completar este formulario.<\/div><div class=\"wpforms-field-container\"><div id=\"wpforms-17360-field_2-container\" class=\"wpforms-field wpforms-field-name\" data-field-id=\"2\"><fieldset><legend class=\"wpforms-field-label wpforms-label-hide\" aria-hidden=\"false\">Nombre <span class=\"wpforms-required-label\" aria-hidden=\"true\">*<\/span><\/legend><div class=\"wpforms-field-row wpforms-field-medium\"><div class=\"wpforms-field-row-block wpforms-first wpforms-one-half\"><input type=\"text\" id=\"wpforms-17360-field_2\" class=\"wpforms-field-name-first wpforms-field-required\" name=\"wpforms[fields][2][first]\" placeholder=\"Nombre\" aria-errormessage=\"wpforms-17360-field_2-error\" required><label for=\"wpforms-17360-field_2\" class=\"wpforms-field-sublabel after \">Nombre<\/label><\/div><div class=\"wpforms-field-row-block wpforms-one-half\"><input type=\"text\" id=\"wpforms-17360-field_2-last\" class=\"wpforms-field-name-last wpforms-field-required\" name=\"wpforms[fields][2][last]\" placeholder=\"Apellidos\" aria-errormessage=\"wpforms-17360-field_2-last-error\" required><label for=\"wpforms-17360-field_2-last\" class=\"wpforms-field-sublabel after \">Apellidos<\/label><\/div><\/div><\/fieldset><\/div><div id=\"wpforms-17360-field_3-container\" class=\"wpforms-field wpforms-field-text\" data-field-id=\"3\"><label class=\"wpforms-field-label wpforms-label-hide\" for=\"wpforms-17360-field_3\" aria-hidden=\"false\">Empresa <span class=\"wpforms-required-label\" aria-hidden=\"true\">*<\/span><\/label><input type=\"text\" id=\"wpforms-17360-field_3\" class=\"wpforms-field-medium wpforms-field-required\" name=\"wpforms[fields][3]\" placeholder=\"Empresa\" aria-errormessage=\"wpforms-17360-field_3-error\" aria-describedby=\"wpforms-17360-field_3-description\" required><div id=\"wpforms-17360-field_3-description\" class=\"wpforms-field-description\">Ingresa la empresa donde trabajas<\/div><\/div><div id=\"wpforms-17360-field_1-container\" class=\"wpforms-field wpforms-field-email\" data-field-id=\"1\"><label class=\"wpforms-field-label wpforms-label-hide\" for=\"wpforms-17360-field_1\" aria-hidden=\"false\">Correo electr\u00f3nico <span class=\"wpforms-required-label\" aria-hidden=\"true\">*<\/span><\/label><input type=\"email\" id=\"wpforms-17360-field_1\" class=\"wpforms-field-medium wpforms-field-required\" name=\"wpforms[fields][1]\" placeholder=\"email v\u00e1lido\" spellcheck=\"false\" aria-errormessage=\"wpforms-17360-field_1-error\" required><\/div><div id=\"wpforms-17360-field_5-container\" class=\"wpforms-field wpforms-field-gdpr-checkbox\" data-field-id=\"5\"><label class=\"wpforms-field-label wpforms-label-hide\" aria-hidden=\"false\">Acuerdo RGPD <span class=\"wpforms-required-label\" aria-hidden=\"true\">*<\/span><\/label><ul id=\"wpforms-17360-field_5\" class=\"wpforms-field-required\"><li class=\"choice-1\"><input type=\"checkbox\" id=\"wpforms-17360-field_5_1\" name=\"wpforms[fields][5][]\" value=\"Doy mi consentimiento para que esta web almacene la informaci\u00f3n que env\u00edo para que puedan responder a mi petici\u00f3n.\" aria-errormessage=\"wpforms-17360-field_5_1-error\" required ><label class=\"wpforms-field-label-inline\" for=\"wpforms-17360-field_5_1\">Doy mi consentimiento para que esta web almacene la informaci\u00f3n que env\u00edo para que puedan responder a mi petici\u00f3n. <span class=\"wpforms-required-label\" aria-hidden=\"true\">*<\/span><\/label><\/li><\/ul><\/div><\/div><!-- .wpforms-field-container --><div class=\"wpforms-submit-container\" ><input type=\"hidden\" name=\"wpforms[id]\" value=\"17360\"><input type=\"hidden\" name=\"page_title\" value=\"\"><input type=\"hidden\" name=\"page_url\" value=\"https:\/\/www.netqual.com.ar\/netqual\/wp-json\/wp\/v2\/pages\/17374\"><button type=\"submit\" name=\"wpforms[submit]\" id=\"wpforms-submit-17360\" class=\"wpforms-submit\" data-alt-text=\"Se enviar\u00e1 un email a la casilla ingresada con la correspondiente descarga.\" data-submit-text=\"Descargar ebook\" aria-live=\"assertive\" value=\"wpforms-submit\">Descargar ebook<\/button><img src=\"https:\/\/www.netqual.com.ar\/netqual\/wp-content\/plugins\/wpforms-lite\/assets\/images\/submit-spin.svg\" class=\"wpforms-submit-spinner\" style=\"display: none;\" width=\"26\" height=\"26\" alt=\"Cargando\"><\/div><\/form><\/div>  <!-- .wpforms-container -->\n<p>&nbsp;<\/p>\n<p>&nbsp;<\/p>\n<\/div><\/div>","protected":false},"excerpt":{"rendered":"<p>Esta es una p\u00e1gina de pruebas de e-books &nbsp; &nbsp;<\/p>\n","protected":false},"author":1,"featured_media":0,"parent":0,"menu_order":0,"comment_status":"closed","ping_status":"closed","template":"","meta":[],"_links":{"self":[{"href":"https:\/\/www.netqual.com.ar\/netqual\/wp-json\/wp\/v2\/pages\/17374"}],"collection":[{"href":"https:\/\/www.netqual.com.ar\/netqual\/wp-json\/wp\/v2\/pages"}],"about":[{"href":"https:\/\/www.netqual.com.ar\/netqual\/wp-json\/wp\/v2\/types\/page"}],"author":[{"embeddable":true,"href":"https:\/\/www.netqual.com.ar\/netqual\/wp-json\/wp\/v2\/users\/1"}],"replies":[{"embeddable":true,"href":"https:\/\/www.netqual.com.ar\/netqual\/wp-json\/wp\/v2\/comments?post=17374"}],"version-history":[{"count":4,"href":"https:\/\/www.netqual.com.ar\/netqual\/wp-json\/wp\/v2\/pages\/17374\/revisions"}],"predecessor-version":[{"id":17385,"href":"https:\/\/www.netqual.com.ar\/netqual\/wp-json\/wp\/v2\/pages\/17374\/revisions\/17385"}],"wp:attachment":[{"href":"https:\/\/www.netqual.com.ar\/netqual\/wp-json\/wp\/v2\/media?parent=17374"}],"curies":[{"name":"wp","href":"https:\/\/api.w.org\/{rel}","templated":true}]}}