{"id":696,"date":"2025-09-05T20:10:38","date_gmt":"2025-09-05T23:10:38","guid":{"rendered":"https:\/\/www.netqual.com.ar\/nq\/?page_id=696"},"modified":"2025-09-30T16:03:11","modified_gmt":"2025-09-30T19:03:11","slug":"planes","status":"publish","type":"page","link":"https:\/\/www.netqual.com.ar\/nq\/planes\/","title":{"rendered":"Planes"},"content":{"rendered":"\t\t<div data-elementor-type=\"wp-page\" data-elementor-id=\"696\" class=\"elementor elementor-696\" data-elementor-post-type=\"page\">\n\t\t\t\t<div class=\"elementor-element elementor-element-086ecab e-flex e-con-boxed wpr-particle-no wpr-jarallax-no wpr-parallax-no wpr-sticky-section-no e-con e-parent\" data-id=\"086ecab\" data-element_type=\"container\" data-settings=\"{&quot;background_background&quot;:&quot;classic&quot;}\">\n\t\t\t\t\t<div class=\"e-con-inner\">\n\t\t<div class=\"elementor-element elementor-element-392b371 e-con-full e-flex wpr-particle-no wpr-jarallax-no wpr-parallax-no wpr-sticky-section-no e-con e-child\" data-id=\"392b371\" data-element_type=\"container\">\n\t\t\t\t<div class=\"elementor-element elementor-element-cfe483b elementor-widget elementor-widget-heading\" data-id=\"cfe483b\" data-element_type=\"widget\" data-widget_type=\"heading.default\">\n\t\t\t\t\t<h2 class=\"elementor-heading-title elementor-size-default\">Un plan claro para una pyme que ya no quiere apagar incendios<\/h2>\t\t\t\t<\/div>\n\t\t\t\t<div class=\"elementor-element elementor-element-22d4856 elementor-invisible elementor-widget elementor-widget-text-editor\" data-id=\"22d4856\" data-element_type=\"widget\" data-settings=\"{&quot;_animation&quot;:&quot;fadeIn&quot;,&quot;_animation_delay&quot;:200}\" data-widget_type=\"text-editor.default\">\n\t\t\t\t\t\t\t\t\t<p>Tecnolog\u00eda que te acompa\u00f1a. Planes que se adaptan.<br \/><strong>M\u00e1s accesible que contratar un t\u00e9cnico full time.<\/strong><\/p>\t\t\t\t\t\t\t\t<\/div>\n\t\t\t\t<div class=\"elementor-element elementor-element-35ffb86 elementor-align-center elementor-widget__width-initial elementor-widget elementor-widget-button\" data-id=\"35ffb86\" data-element_type=\"widget\" data-widget_type=\"button.default\">\n\t\t\t\t\t\t\t\t\t\t<a class=\"elementor-button elementor-button-link elementor-size-sm\" href=\"https:\/\/api.whatsapp.com\/send?phone=541143733696&#038;text=Hola%20Netqual,%20me%20gustar%C3%ADa%20agendar%20un%20diagn%C3%B3stico%20gratuito%20para%20tener%20una%20propuesta%20de%20un%20plan%20que%20se%20adapte%20a%20mi%20medida!\" target=\"_blank\">\n\t\t\t\t\t\t<span class=\"elementor-button-content-wrapper\">\n\t\t\t\t\t\t\t\t\t<span class=\"elementor-button-text\">Agenda hoy tu diagn\u00f3stico gratuito<\/span>\n\t\t\t\t\t<\/span>\n\t\t\t\t\t<\/a>\n\t\t\t\t\t\t\t\t<\/div>\n\t\t\t\t<div class=\"elementor-element elementor-element-46e2d5e elementor-invisible elementor-widget elementor-widget-text-editor\" data-id=\"46e2d5e\" data-element_type=\"widget\" data-settings=\"{&quot;_animation&quot;:&quot;fadeIn&quot;,&quot;_animation_delay&quot;:200}\" data-widget_type=\"text-editor.default\">\n\t\t\t\t\t\t\t\t\t<p>\u00a0y recib\u00ed una propuesta adaptada a tu negocio.<\/p>\t\t\t\t\t\t\t\t<\/div>\n\t\t\t\t<\/div>\n\t\t\t\t\t<\/div>\n\t\t\t\t<\/div>\n\t\t<div class=\"elementor-element elementor-element-98e3751 e-con-full e-flex wpr-particle-no wpr-jarallax-no wpr-parallax-no wpr-sticky-section-no e-con e-parent\" data-id=\"98e3751\" data-element_type=\"container\" data-settings=\"{&quot;background_background&quot;:&quot;classic&quot;}\">\n\t\t<div class=\"elementor-element elementor-element-649494f e-con-full e-flex wpr-particle-no wpr-jarallax-no wpr-parallax-no wpr-sticky-section-no e-con e-child\" data-id=\"649494f\" data-element_type=\"container\">\n\t\t\t\t<div class=\"elementor-element elementor-element-d0aa9c7 elementor-invisible elementor-widget elementor-widget-heading\" data-id=\"d0aa9c7\" data-element_type=\"widget\" data-settings=\"{&quot;_animation&quot;:&quot;fadeIn&quot;}\" data-widget_type=\"heading.default\">\n\t\t\t\t\t<h1 class=\"elementor-heading-title elementor-size-default\">Elegir c\u00f3mo proteger y escalar tu infraestructura IT no tiene por qu\u00e9 ser complicado.<\/h1>\t\t\t\t<\/div>\n\t\t\t\t<div class=\"elementor-element elementor-element-b612ba0 elementor-invisible elementor-widget elementor-widget-text-editor\" data-id=\"b612ba0\" data-element_type=\"widget\" data-settings=\"{&quot;_animation&quot;:&quot;fadeIn&quot;,&quot;_animation_delay&quot;:200}\" data-widget_type=\"text-editor.default\">\n\t\t\t\t\t\t\t\t\t<p>Por eso creamos 4 planes simples que se ajustan a distintas etapas de crecimiento.<br \/>\u00bfTen\u00e9s 15, 80, 200 usuarios? \u00bfUna o varias sedes que operan de forma local o remota? \u00bfCon o sin personal de sistemas?<br \/><strong>\u2028Nuestros planes se adaptan a vos\u2026 no al rev\u00e9s.<\/strong><\/p>\t\t\t\t\t\t\t\t<\/div>\n\t\t\t\t<\/div>\n\t\t<div class=\"elementor-element elementor-element-744f4b3 e-con-full e-flex wpr-particle-no wpr-jarallax-no wpr-parallax-no wpr-sticky-section-no e-con e-child\" data-id=\"744f4b3\" data-element_type=\"container\" data-settings=\"{&quot;background_background&quot;:&quot;classic&quot;}\">\n\t\t\t\t<div class=\"elementor-element elementor-element-93bdb7b elementor-widget elementor-widget-image\" data-id=\"93bdb7b\" data-element_type=\"widget\" data-widget_type=\"image.default\">\n\t\t\t\t\t\t\t\t\t\t\t\t\t\t\t<img fetchpriority=\"high\" decoding=\"async\" width=\"672\" height=\"469\" src=\"https:\/\/www.netqual.com.ar\/nq\/wp-content\/uploads\/2025\/09\/Rectangle-257.png\" class=\"attachment-full size-full wp-image-709\" alt=\"\" srcset=\"https:\/\/www.netqual.com.ar\/nq\/wp-content\/uploads\/2025\/09\/Rectangle-257.png 672w, https:\/\/www.netqual.com.ar\/nq\/wp-content\/uploads\/2025\/09\/Rectangle-257-300x209.png 300w\" sizes=\"(max-width: 672px) 100vw, 672px\" \/>\t\t\t\t\t\t\t\t\t\t\t\t\t\t\t<\/div>\n\t\t\t\t<\/div>\n\t\t\t\t<\/div>\n\t\t<div class=\"elementor-element elementor-element-0870e0d e-flex e-con-boxed wpr-particle-no wpr-jarallax-no wpr-parallax-no wpr-sticky-section-no e-con e-parent\" data-id=\"0870e0d\" data-element_type=\"container\" data-settings=\"{&quot;background_background&quot;:&quot;classic&quot;}\">\n\t\t\t\t\t<div class=\"e-con-inner\">\n\t\t\t\t<div class=\"elementor-element elementor-element-b77f294 elementor-widget elementor-widget-text-editor\" data-id=\"b77f294\" data-element_type=\"widget\" data-widget_type=\"text-editor.default\">\n\t\t\t\t\t\t\t\t\t<p><strong>Eleg\u00ed el plan que mejor<\/strong> acompa\u00f1e tu crecimiento<\/p>\t\t\t\t\t\t\t\t<\/div>\n\t\t\t\t\t<\/div>\n\t\t\t\t<\/div>\n\t\t<div class=\"elementor-element elementor-element-0d6759d e-flex e-con-boxed wpr-particle-no wpr-jarallax-no wpr-parallax-no wpr-sticky-section-no e-con e-parent\" data-id=\"0d6759d\" data-element_type=\"container\" data-settings=\"{&quot;background_background&quot;:&quot;classic&quot;}\">\n\t\t\t\t\t<div class=\"e-con-inner\">\n\t\t<div class=\"elementor-element elementor-element-0b70f79 e-con-full e-flex wpr-particle-no wpr-jarallax-no wpr-parallax-no wpr-sticky-section-no e-con e-child\" data-id=\"0b70f79\" data-element_type=\"container\" data-settings=\"{&quot;background_background&quot;:&quot;classic&quot;}\">\n\t\t\t\t<div class=\"elementor-element elementor-element-12d01ee elementor-widget elementor-widget-heading\" data-id=\"12d01ee\" data-element_type=\"widget\" data-widget_type=\"heading.default\">\n\t\t\t\t\t<h2 class=\"elementor-heading-title elementor-size-default\">PLAN CORE<\/h2>\t\t\t\t<\/div>\n\t\t\t\t<div class=\"elementor-element elementor-element-2cbaee5 elementor-widget__width-initial elementor-widget elementor-widget-heading\" data-id=\"2cbaee5\" data-element_type=\"widget\" data-widget_type=\"heading.default\">\n\t\t\t\t\t<h2 class=\"elementor-heading-title elementor-size-default\">IDEAL PARA PYMES<\/h2>\t\t\t\t<\/div>\n\t\t\t\t<div class=\"elementor-element elementor-element-49f9cc2 elementor-widget elementor-widget-text-editor\" data-id=\"49f9cc2\" data-element_type=\"widget\" data-widget_type=\"text-editor.default\">\n\t\t\t\t\t\t\t\t\t<p>Ideal para pymes que necesitan orden, soporte y protecci\u00f3n b\u00e1sicos.<br \/><strong>Para empezar a dejar atr\u00e1s los parches y tener todo funcionando.<\/strong><\/p>\t\t\t\t\t\t\t\t<\/div>\n\t\t\t\t<div class=\"elementor-element elementor-element-bb67604 elementor-widget elementor-widget-text-editor\" data-id=\"bb67604\" data-element_type=\"widget\" data-widget_type=\"text-editor.default\">\n\t\t\t\t\t\t\t\t\t<ul><li><p>NQ Monitor, sobre redes y dispositivos.<\/p><\/li><li><p>NQSecure, con ciberseguridad est\u00e1ndar.<\/p><\/li><li><p>NQ BusinessTech, soporte remoto incluyendo microinform\u00e1tica y gesti\u00f3n de backups.<\/p><\/li><\/ul>\t\t\t\t\t\t\t\t<\/div>\n\t\t\t\t<div class=\"elementor-element elementor-element-a8ac061 elementor-widget elementor-widget-spacer\" data-id=\"a8ac061\" data-element_type=\"widget\" data-widget_type=\"spacer.default\">\n\t\t\t\t\t\t\t<div class=\"elementor-spacer\">\n\t\t\t<div class=\"elementor-spacer-inner\"><\/div>\n\t\t<\/div>\n\t\t\t\t\t\t<\/div>\n\t\t\t\t<div class=\"elementor-element elementor-element-51b7d20 elementor-widget elementor-widget-text-editor\" data-id=\"51b7d20\" data-element_type=\"widget\" data-widget_type=\"text-editor.default\">\n\t\t\t\t\t\t\t\t\t<p>Caso de uso:<br \/>Agencia de viajes y turismo con 10 usuarios, que quiere evitar cortes de red y empezar a controlar accesos.<\/p>\t\t\t\t\t\t\t\t<\/div>\n\t\t\t\t<div class=\"elementor-element elementor-element-1013a89 elementor-align-left elementor-widget elementor-widget-button\" data-id=\"1013a89\" data-element_type=\"widget\" data-widget_type=\"button.default\">\n\t\t\t\t\t\t\t\t\t\t<a class=\"elementor-button elementor-button-link elementor-size-sm\" href=\"https:\/\/api.whatsapp.com\/send?phone=541143733696&#038;text=Buenas,%20quisiera%20m%C3%A1s%20informaci%C3%B3n%20sobre%20el%20Plan%20Core.\" target=\"_blank\">\n\t\t\t\t\t\t<span class=\"elementor-button-content-wrapper\">\n\t\t\t\t\t\t\t\t\t<span class=\"elementor-button-text\">Quiero mi diagn\u00f3stico gratuito<\/span>\n\t\t\t\t\t<\/span>\n\t\t\t\t\t<\/a>\n\t\t\t\t\t\t\t\t<\/div>\n\t\t\t\t<\/div>\n\t\t<div class=\"elementor-element elementor-element-74ec076 e-con-full e-flex wpr-particle-no wpr-jarallax-no wpr-parallax-no wpr-sticky-section-no e-con e-child\" data-id=\"74ec076\" data-element_type=\"container\" data-settings=\"{&quot;background_background&quot;:&quot;classic&quot;}\">\n\t\t\t\t<div class=\"elementor-element elementor-element-bf57526 elementor-widget elementor-widget-heading\" data-id=\"bf57526\" data-element_type=\"widget\" data-widget_type=\"heading.default\">\n\t\t\t\t\t<h2 class=\"elementor-heading-title elementor-size-default\">PLAN SCale<\/h2>\t\t\t\t<\/div>\n\t\t\t\t<div class=\"elementor-element elementor-element-09d3d18 elementor-widget__width-initial elementor-widget elementor-widget-heading\" data-id=\"09d3d18\" data-element_type=\"widget\" data-widget_type=\"heading.default\">\n\t\t\t\t\t<h2 class=\"elementor-heading-title elementor-size-default\">m\u00e1s elegido por empresas<\/h2>\t\t\t\t<\/div>\n\t\t\t\t<div class=\"elementor-element elementor-element-d5e91cc elementor-widget elementor-widget-text-editor\" data-id=\"d5e91cc\" data-element_type=\"widget\" data-widget_type=\"text-editor.default\">\n\t\t\t\t\t\t\t\t\t<p>El m\u00e1s elegido por empresas en expansi\u00f3n.<strong>\u2028Control total, infraestructura escalable y seguridad activa.<\/strong><\/p>\t\t\t\t\t\t\t\t<\/div>\n\t\t\t\t<div class=\"elementor-element elementor-element-36cd029 elementor-widget elementor-widget-text-editor\" data-id=\"36cd029\" data-element_type=\"widget\" data-widget_type=\"text-editor.default\">\n\t\t\t\t\t\t\t\t\t<ul><li>Incluye el plan Core al que le sumamos:<\/li><li>NQ Monitor, con monitoreo de actividad de usuario.<\/li><li>NQ Secure, con ciberseguridad activa.<\/li><li>NQ Infraflex, con sus herramientas: cloud backup, servidores virtuales, integraci\u00f3n con workspace\/Microsoft 365 y Cloud IP PBX.<\/li><li>NQ BusinessTech, ampliado sobre las aplicaciones en uso.<\/li><\/ul>\t\t\t\t\t\t\t\t<\/div>\n\t\t\t\t<div class=\"elementor-element elementor-element-69b87f6 elementor-widget elementor-widget-text-editor\" data-id=\"69b87f6\" data-element_type=\"widget\" data-widget_type=\"text-editor.default\">\n\t\t\t\t\t\t\t\t\t<p>Caso de uso:<br \/>Empresa de servicios, con m\u00faltiples obras y equipos en campo de 30 usuarios. Virtualiz\u00f3 toda su infraestructura y sum\u00f3 seguridad segmentada por \u00e1reas.<\/p>\t\t\t\t\t\t\t\t<\/div>\n\t\t\t\t<div class=\"elementor-element elementor-element-54718dd elementor-align-left elementor-widget elementor-widget-button\" data-id=\"54718dd\" data-element_type=\"widget\" data-widget_type=\"button.default\">\n\t\t\t\t\t\t\t\t\t\t<a class=\"elementor-button elementor-button-link elementor-size-sm\" href=\"https:\/\/api.whatsapp.com\/send?phone=541143733696&#038;text=Buenas,%20quisiera%20m%C3%A1s%20informaci%C3%B3n%20sobre%20el%20Plan%20Scale\" target=\"_blank\">\n\t\t\t\t\t\t<span class=\"elementor-button-content-wrapper\">\n\t\t\t\t\t\t\t\t\t<span class=\"elementor-button-text\">Quiero mi diagn\u00f3stico gratuito<\/span>\n\t\t\t\t\t<\/span>\n\t\t\t\t\t<\/a>\n\t\t\t\t\t\t\t\t<\/div>\n\t\t\t\t<\/div>\n\t\t<div class=\"elementor-element elementor-element-26df2d8 e-con-full e-flex wpr-particle-no wpr-jarallax-no wpr-parallax-no wpr-sticky-section-no e-con e-child\" data-id=\"26df2d8\" data-element_type=\"container\" data-settings=\"{&quot;background_background&quot;:&quot;classic&quot;}\">\n\t\t\t\t<div class=\"elementor-element elementor-element-641bcde elementor-widget elementor-widget-heading\" data-id=\"641bcde\" data-element_type=\"widget\" data-widget_type=\"heading.default\">\n\t\t\t\t\t<h2 class=\"elementor-heading-title elementor-size-default\">PLAN SMARTOPS<\/h2>\t\t\t\t<\/div>\n\t\t\t\t<div class=\"elementor-element elementor-element-c3e1870 elementor-widget__width-initial elementor-widget elementor-widget-heading\" data-id=\"c3e1870\" data-element_type=\"widget\" data-widget_type=\"heading.default\">\n\t\t\t\t\t<h2 class=\"elementor-heading-title elementor-size-default\">M\u00c1S COMPLETO<\/h2>\t\t\t\t<\/div>\n\t\t\t\t<div class=\"elementor-element elementor-element-067ded4 elementor-widget elementor-widget-text-editor\" data-id=\"067ded4\" data-element_type=\"widget\" data-widget_type=\"text-editor.default\">\n\t\t\t\t\t\t\t\t\t<p>Pensado para pymes que ya est\u00e1n listas para profesionalizarlo todo.<br \/><strong>Gesti\u00f3n IT FULL STACK + estrategia personalizada.<\/strong><\/p>\t\t\t\t\t\t\t\t<\/div>\n\t\t\t\t<div class=\"elementor-element elementor-element-eac072b elementor-widget elementor-widget-text-editor\" data-id=\"eac072b\" data-element_type=\"widget\" data-widget_type=\"text-editor.default\">\n\t\t\t\t\t\t\t\t\t<ul><li>A todo lo del plan Scale le sumamos, herramientas de negocios NQ Infra Flex.<\/li><li>CRM\/ERP<\/li><li>Consultor\u00eda estrat\u00e9gica de negocios.<\/li><\/ul>\t\t\t\t\t\t\t\t<\/div>\n\t\t\t\t<div class=\"elementor-element elementor-element-b20424e elementor-widget elementor-widget-text-editor\" data-id=\"b20424e\" data-element_type=\"widget\" data-widget_type=\"text-editor.default\">\n\t\t\t\t\t\t\t\t\t<p>Caso de uso:<br \/>Empresa proveedora del sector salud, de 45 usuarios, con oficinas propias y trabajadores remotos, que debe cumplir con est\u00e1ndares exigentes en seguridad de datos.<\/p>\t\t\t\t\t\t\t\t<\/div>\n\t\t\t\t<div class=\"elementor-element elementor-element-a95a203 elementor-align-left elementor-widget elementor-widget-button\" data-id=\"a95a203\" data-element_type=\"widget\" data-widget_type=\"button.default\">\n\t\t\t\t\t\t\t\t\t\t<a class=\"elementor-button elementor-button-link elementor-size-sm\" href=\"https:\/\/api.whatsapp.com\/send?phone=541143733696&#038;text=:%20Buenas,%20quisiera%20m%C3%A1s%20informaci%C3%B3n%20sobre%20el%20Plan%20Smartops\" target=\"_blank\">\n\t\t\t\t\t\t<span class=\"elementor-button-content-wrapper\">\n\t\t\t\t\t\t\t\t\t<span class=\"elementor-button-text\">Quiero mi diagn\u00f3stico gratuito<\/span>\n\t\t\t\t\t<\/span>\n\t\t\t\t\t<\/a>\n\t\t\t\t\t\t\t\t<\/div>\n\t\t\t\t<\/div>\n\t\t<div class=\"elementor-element elementor-element-ea79160 e-con-full e-flex wpr-particle-no wpr-jarallax-no wpr-parallax-no wpr-sticky-section-no e-con e-child\" data-id=\"ea79160\" data-element_type=\"container\" data-settings=\"{&quot;background_background&quot;:&quot;classic&quot;}\">\n\t\t\t\t<div class=\"elementor-element elementor-element-6104359 elementor-widget elementor-widget-heading\" data-id=\"6104359\" data-element_type=\"widget\" data-widget_type=\"heading.default\">\n\t\t\t\t\t<h2 class=\"elementor-heading-title elementor-size-default\">PLAN CUSTOM<\/h2>\t\t\t\t<\/div>\n\t\t\t\t<div class=\"elementor-element elementor-element-0c8a190 elementor-widget__width-initial elementor-widget elementor-widget-heading\" data-id=\"0c8a190\" data-element_type=\"widget\" data-widget_type=\"heading.default\">\n\t\t\t\t\t<h2 class=\"elementor-heading-title elementor-size-default\">SOLUCI\u00d3N IT A TU MEDIDA<\/h2>\t\t\t\t<\/div>\n\t\t\t\t<div class=\"elementor-element elementor-element-f855012 elementor-widget elementor-widget-text-editor\" data-id=\"f855012\" data-element_type=\"widget\" data-widget_type=\"text-editor.default\">\n\t\t\t\t\t\t\t\t\t<p>\u00bfTu negocio no entra en ninguna caja? Perfecto.<br \/><strong>Dise\u00f1amos una soluci\u00f3n IT a tu medida,<\/strong> combinando los servicios que necesit\u00e1s y priorizando lo que m\u00e1s impacto tiene para tu operaci\u00f3n.<\/p>\t\t\t\t\t\t\t\t<\/div>\n\t\t\t\t<div class=\"elementor-element elementor-element-9b56f0e elementor-widget elementor-widget-spacer\" data-id=\"9b56f0e\" data-element_type=\"widget\" data-widget_type=\"spacer.default\">\n\t\t\t\t\t\t\t<div class=\"elementor-spacer\">\n\t\t\t<div class=\"elementor-spacer-inner\"><\/div>\n\t\t<\/div>\n\t\t\t\t\t\t<\/div>\n\t\t\t\t<div class=\"elementor-element elementor-element-433ebb6 elementor-widget elementor-widget-text-editor\" data-id=\"433ebb6\" data-element_type=\"widget\" data-widget_type=\"text-editor.default\">\n\t\t\t\t\t\t\t\t\t<p>Caso de uso:<br \/>Empresa 100% remota con equipos en tres pa\u00edses, que necesitaba herramientas colaborativas y protecci\u00f3n sin fronteras.<\/p>\t\t\t\t\t\t\t\t<\/div>\n\t\t\t\t<div class=\"elementor-element elementor-element-e5f50ab elementor-align-left elementor-widget elementor-widget-button\" data-id=\"e5f50ab\" data-element_type=\"widget\" data-widget_type=\"button.default\">\n\t\t\t\t\t\t\t\t\t\t<a class=\"elementor-button elementor-button-link elementor-size-sm\" href=\"http:\/\/Buenas,%20quisiera%20m\u00e1s%20informaci\u00f3n%20sobre%20el%20Custom\" target=\"_blank\">\n\t\t\t\t\t\t<span class=\"elementor-button-content-wrapper\">\n\t\t\t\t\t\t\t\t\t<span class=\"elementor-button-text\">Quiero mi diagn\u00f3stico gratuito<\/span>\n\t\t\t\t\t<\/span>\n\t\t\t\t\t<\/a>\n\t\t\t\t\t\t\t\t<\/div>\n\t\t\t\t<\/div>\n\t\t\t\t\t<\/div>\n\t\t\t\t<\/div>\n\t\t<div class=\"elementor-element elementor-element-1003dfd e-flex e-con-boxed wpr-particle-no wpr-jarallax-no wpr-parallax-no wpr-sticky-section-no e-con e-parent\" data-id=\"1003dfd\" data-element_type=\"container\" data-settings=\"{&quot;background_background&quot;:&quot;classic&quot;}\">\n\t\t\t\t\t<div class=\"e-con-inner\">\n\t\t<div class=\"elementor-element elementor-element-8fba160 e-con-full e-flex wpr-particle-no wpr-jarallax-no wpr-parallax-no wpr-sticky-section-no e-con e-child\" data-id=\"8fba160\" data-element_type=\"container\">\n\t\t\t\t<div class=\"elementor-element elementor-element-e0fd08f elementor-widget elementor-widget-heading\" data-id=\"e0fd08f\" data-element_type=\"widget\" data-widget_type=\"heading.default\">\n\t\t\t\t\t<h2 class=\"elementor-heading-title elementor-size-default\">Todos nuestros planes incluyen diagn\u00f3stico gratuito, sin compromiso<\/h2>\t\t\t\t<\/div>\n\t\t\t\t<div class=\"elementor-element elementor-element-f95c7f2 elementor-invisible elementor-widget elementor-widget-text-editor\" data-id=\"f95c7f2\" data-element_type=\"widget\" data-settings=\"{&quot;_animation&quot;:&quot;fadeIn&quot;,&quot;_animation_delay&quot;:200}\" data-widget_type=\"text-editor.default\">\n\t\t\t\t\t\t\t\t\t<p><strong>Porque antes de venderte, queremos escucharte.\u2028<br \/><\/strong>Tecnolog\u00eda que acompa\u00f1a tu crecimiento, no lo frena.<\/p>\t\t\t\t\t\t\t\t<\/div>\n\t\t\t\t<div class=\"elementor-element elementor-element-b7e5635 elementor-align-center elementor-widget__width-initial elementor-widget elementor-widget-button\" data-id=\"b7e5635\" data-element_type=\"widget\" data-widget_type=\"button.default\">\n\t\t\t\t\t\t\t\t\t\t<a class=\"elementor-button elementor-button-link elementor-size-sm\" href=\"https:\/\/api.whatsapp.com\/send?phone=541143733696&#038;text=Hola%20Netqual,%20me%20gustar%C3%ADa%20agendar%20un%20diagn%C3%B3stico%20gratuito%20para%20tener%20una%20propuesta%20de%20un%20plan%20que%20se%20adapte%20a%20mi%20medida!\" target=\"_blank\">\n\t\t\t\t\t\t<span class=\"elementor-button-content-wrapper\">\n\t\t\t\t\t\t\t\t\t<span class=\"elementor-button-text\">Quiero mi diagn\u00f3stico gratuito<\/span>\n\t\t\t\t\t<\/span>\n\t\t\t\t\t<\/a>\n\t\t\t\t\t\t\t\t<\/div>\n\t\t\t\t<\/div>\n\t\t\t\t\t<\/div>\n\t\t\t\t<\/div>\n\t\t\t\t<\/div>\n\t\t","protected":false},"excerpt":{"rendered":"<p>Un plan claro para una pyme que ya no quiere apagar incendios Tecnolog\u00eda que te acompa\u00f1a. Planes que se adaptan.M\u00e1s accesible que contratar un t\u00e9cnico full time. Agenda hoy tu diagn\u00f3stico gratuito \u00a0y recib\u00ed una propuesta adaptada a tu negocio. Elegir c\u00f3mo proteger y escalar tu infraestructura IT no tiene por qu\u00e9 ser complicado. Por eso creamos 4 planes simples que se ajustan a distintas etapas de crecimiento.\u00bfTen\u00e9s 15, 80, 200 usuarios? \u00bfUna o varias sedes que operan de forma local o remota? \u00bfCon o sin personal de sistemas?\u2028Nuestros planes se adaptan a vos\u2026 no al rev\u00e9s. Eleg\u00ed el plan que mejor acompa\u00f1e tu crecimiento PLAN CORE IDEAL PARA PYMES Ideal para pymes que necesitan orden, soporte y protecci\u00f3n b\u00e1sicos.Para empezar a dejar atr\u00e1s los parches y tener todo funcionando. NQ Monitor, sobre redes y dispositivos. NQSecure, con ciberseguridad est\u00e1ndar. NQ BusinessTech, soporte remoto incluyendo microinform\u00e1tica y gesti\u00f3n de backups. Caso de uso:Agencia de viajes y turismo con 10 usuarios, que quiere evitar cortes de red y empezar a controlar accesos. Quiero mi diagn\u00f3stico gratuito PLAN SCale m\u00e1s elegido por empresas El m\u00e1s elegido por empresas en expansi\u00f3n.\u2028Control total, infraestructura escalable y seguridad activa. Incluye el plan Core al que le sumamos: NQ Monitor, con monitoreo de actividad de usuario. NQ Secure, con ciberseguridad activa. NQ Infraflex, con sus herramientas: cloud backup, servidores virtuales, integraci\u00f3n con workspace\/Microsoft 365 y Cloud IP PBX. NQ BusinessTech, ampliado sobre las aplicaciones en uso. Caso de uso:Empresa de servicios, con m\u00faltiples obras y equipos en campo de 30 usuarios. Virtualiz\u00f3 toda su infraestructura y sum\u00f3 seguridad segmentada por \u00e1reas. Quiero mi diagn\u00f3stico gratuito PLAN SMARTOPS M\u00c1S COMPLETO Pensado para pymes que ya est\u00e1n listas para profesionalizarlo todo.Gesti\u00f3n IT FULL STACK + estrategia personalizada. A todo lo del plan Scale le sumamos, herramientas de negocios NQ Infra Flex. CRM\/ERP Consultor\u00eda estrat\u00e9gica de negocios. Caso de uso:Empresa proveedora del sector salud, de 45 usuarios, con oficinas propias y trabajadores remotos, que debe cumplir con est\u00e1ndares exigentes en seguridad de datos. Quiero mi diagn\u00f3stico gratuito PLAN CUSTOM SOLUCI\u00d3N IT A TU MEDIDA \u00bfTu negocio no entra en ninguna caja? Perfecto.Dise\u00f1amos una soluci\u00f3n IT a tu medida, combinando los servicios que necesit\u00e1s y priorizando lo que m\u00e1s impacto tiene para tu operaci\u00f3n. Caso de uso:Empresa 100% remota con equipos en tres pa\u00edses, que necesitaba herramientas colaborativas y protecci\u00f3n sin fronteras. Quiero mi diagn\u00f3stico gratuito Todos nuestros planes incluyen diagn\u00f3stico gratuito, sin compromiso Porque antes de venderte, queremos escucharte.\u2028Tecnolog\u00eda que acompa\u00f1a tu crecimiento, no lo frena. Quiero mi diagn\u00f3stico gratuito<\/p>\n","protected":false},"author":1,"featured_media":0,"parent":0,"menu_order":0,"comment_status":"closed","ping_status":"closed","template":"elementor_header_footer","meta":{"footnotes":""},"class_list":["post-696","page","type-page","status-publish","hentry"],"aioseo_notices":[],"_links":{"self":[{"href":"https:\/\/www.netqual.com.ar\/nq\/wp-json\/wp\/v2\/pages\/696","targetHints":{"allow":["GET"]}}],"collection":[{"href":"https:\/\/www.netqual.com.ar\/nq\/wp-json\/wp\/v2\/pages"}],"about":[{"href":"https:\/\/www.netqual.com.ar\/nq\/wp-json\/wp\/v2\/types\/page"}],"author":[{"embeddable":true,"href":"https:\/\/www.netqual.com.ar\/nq\/wp-json\/wp\/v2\/users\/1"}],"replies":[{"embeddable":true,"href":"https:\/\/www.netqual.com.ar\/nq\/wp-json\/wp\/v2\/comments?post=696"}],"version-history":[{"count":109,"href":"https:\/\/www.netqual.com.ar\/nq\/wp-json\/wp\/v2\/pages\/696\/revisions"}],"predecessor-version":[{"id":1171,"href":"https:\/\/www.netqual.com.ar\/nq\/wp-json\/wp\/v2\/pages\/696\/revisions\/1171"}],"wp:attachment":[{"href":"https:\/\/www.netqual.com.ar\/nq\/wp-json\/wp\/v2\/media?parent=696"}],"curies":[{"name":"wp","href":"https:\/\/api.w.org\/{rel}","templated":true}]}}